{"id":267,"date":"2012-03-16T15:47:52","date_gmt":"2012-03-16T15:47:52","guid":{"rendered":"http:\/\/dev-void.org\/ally\/?page_id=153"},"modified":"2025-08-25T12:50:02","modified_gmt":"2025-08-25T10:50:02","slug":"pictures","status":"publish","type":"page","link":"https:\/\/ally-storch.com\/en\/media\/pictures\/","title":{"rendered":"Videos"},"content":{"rendered":"\n<figure class=\"wp-block-embed is-type-video is-provider-youtube wp-block-embed-youtube wp-embed-aspect-16-9 wp-has-aspect-ratio\"><div class=\"wp-block-embed__wrapper\">\n<iframe loading=\"lazy\" title=\"Ally the Fiddle: &quot;Distance&quot; (Solo Performance)\" width=\"530\" height=\"298\" src=\"https:\/\/www.youtube.com\/embed\/RBr9YrrXRLk?feature=oembed\" frameborder=\"0\" allow=\"accelerometer; autoplay; clipboard-write; encrypted-media; gyroscope; picture-in-picture; web-share\" referrerpolicy=\"strict-origin-when-cross-origin\" allowfullscreen><\/iframe>\n<\/div><figcaption class=\"wp-element-caption\">Solo performance of my own song &#8220;Distance&#8221;, 2021<\/figcaption><\/figure>\n\n\n\n<figure class=\"wp-block-embed is-type-video is-provider-youtube wp-block-embed-youtube wp-embed-aspect-16-9 wp-has-aspect-ratio\"><div class=\"wp-block-embed__wrapper\">\n<iframe loading=\"lazy\" title=\"Ally the Fiddle: &quot;Sisyphos&quot; - official Music Video\" width=\"530\" height=\"298\" src=\"https:\/\/www.youtube.com\/embed\/uM2eyLQUgn4?feature=oembed\" frameborder=\"0\" allow=\"accelerometer; autoplay; clipboard-write; encrypted-media; gyroscope; picture-in-picture; web-share\" referrerpolicy=\"strict-origin-when-cross-origin\" allowfullscreen><\/iframe>\n<\/div><figcaption class=\"wp-element-caption\">\u201eSisyphos\u201c by Ally The Fiddle (2018)<\/figcaption><\/figure>\n\n\n\n<figure class=\"wp-block-embed is-type-video is-provider-youtube wp-block-embed-youtube wp-embed-aspect-16-9 wp-has-aspect-ratio\"><div class=\"wp-block-embed__wrapper\">\n<iframe loading=\"lazy\" title=\"Subway to Sally -  M&#039;era Luna 2025 \u2013 ARTE Concert\" width=\"530\" height=\"298\" src=\"https:\/\/www.youtube.com\/embed\/bcF2NhbSI9o?feature=oembed\" frameborder=\"0\" allow=\"accelerometer; autoplay; clipboard-write; encrypted-media; gyroscope; picture-in-picture; web-share\" referrerpolicy=\"strict-origin-when-cross-origin\" allowfullscreen><\/iframe>\n<\/div><figcaption class=\"wp-element-caption\">Full length special show &#8220;Nord Nord Ost&#8221; at M&#8217;era Luna festival (2025)<\/figcaption><\/figure>\n\n\n\n<figure class=\"wp-block-embed is-type-video is-provider-youtube wp-block-embed-youtube wp-embed-aspect-16-9 wp-has-aspect-ratio\"><div class=\"wp-block-embed__wrapper\">\n<iframe loading=\"lazy\" title=\"SUBWAY TO SALLY - Was Ihr Wollt (Official Video) | Napalm Records\" width=\"530\" height=\"298\" src=\"https:\/\/www.youtube.com\/embed\/Z2rWzT9q2x4?feature=oembed\" frameborder=\"0\" allow=\"accelerometer; autoplay; clipboard-write; encrypted-media; gyroscope; picture-in-picture; web-share\" referrerpolicy=\"strict-origin-when-cross-origin\" allowfullscreen><\/iframe>\n<\/div><figcaption class=\"wp-element-caption\">&#8220;Was Ihr wollt&#8221; by Subway to Sally (2022)<\/figcaption><\/figure>\n\n\n\n<figure class=\"wp-block-embed is-type-video is-provider-youtube wp-block-embed-youtube wp-embed-aspect-16-9 wp-has-aspect-ratio\"><div class=\"wp-block-embed__wrapper\">\n<iframe loading=\"lazy\" title=\"SUBWAY TO SALLY - Post Mortem (Official Video) | Napalm Records\" width=\"530\" height=\"298\" src=\"https:\/\/www.youtube.com\/embed\/RY5UJqiCrSE?feature=oembed\" frameborder=\"0\" allow=\"accelerometer; autoplay; clipboard-write; encrypted-media; gyroscope; picture-in-picture; web-share\" referrerpolicy=\"strict-origin-when-cross-origin\" allowfullscreen><\/iframe>\n<\/div><figcaption class=\"wp-element-caption\">\u201ePost Mortem\u201c by Subway to Sally (2024)<\/figcaption><\/figure>\n\n\n\n<figure class=\"wp-block-embed is-type-video is-provider-youtube wp-block-embed-youtube wp-embed-aspect-16-9 wp-has-aspect-ratio\"><div class=\"wp-block-embed__wrapper\">\n<iframe loading=\"lazy\" title=\"SUBWAY TO SALLY x WARKINGS - Stahl auf Stahl (Official Video) | Napalm Records\" width=\"530\" height=\"298\" src=\"https:\/\/www.youtube.com\/embed\/tN6VVhXhH6E?feature=oembed\" frameborder=\"0\" allow=\"accelerometer; autoplay; clipboard-write; encrypted-media; gyroscope; picture-in-picture; web-share\" referrerpolicy=\"strict-origin-when-cross-origin\" allowfullscreen><\/iframe>\n<\/div><figcaption class=\"wp-element-caption\">\u201eStahl auf Stahl\u201c by Subway to Sally ft. Warkings (2024)<br><\/figcaption><\/figure>\n\n\n\n<figure class=\"wp-block-embed is-type-video is-provider-youtube wp-block-embed-youtube wp-embed-aspect-16-9 wp-has-aspect-ratio\"><div class=\"wp-block-embed__wrapper\">\n<iframe loading=\"lazy\" title=\"SUBWAY TO SALLY - Eisheilige Nacht (Official Video) | Napalm Records\" width=\"530\" height=\"298\" src=\"https:\/\/www.youtube.com\/embed\/oJbhTuOsZ1s?feature=oembed\" frameborder=\"0\" allow=\"accelerometer; autoplay; clipboard-write; encrypted-media; gyroscope; picture-in-picture; web-share\" referrerpolicy=\"strict-origin-when-cross-origin\" allowfullscreen><\/iframe>\n<\/div><figcaption class=\"wp-element-caption\">\u201eEisheilige Nacht\u201c by Subway to Sally (2023)<br><br><\/figcaption><\/figure>\n\n\n\n<figure class=\"wp-block-embed is-type-video is-provider-youtube wp-block-embed-youtube wp-embed-aspect-16-9 wp-has-aspect-ratio\"><div class=\"wp-block-embed__wrapper\">\n<iframe loading=\"lazy\" title=\"SUBWAY TO SALLY - So Rot MMXXI (Official Video) | Napalm Records\" width=\"530\" height=\"298\" src=\"https:\/\/www.youtube.com\/embed\/5iWAGwsQMSc?feature=oembed\" frameborder=\"0\" allow=\"accelerometer; autoplay; clipboard-write; encrypted-media; gyroscope; picture-in-picture; web-share\" referrerpolicy=\"strict-origin-when-cross-origin\" allowfullscreen><\/iframe>\n<\/div><figcaption class=\"wp-element-caption\">&#8220;So Rot&#8221; by Subway to Sally (2021)<\/figcaption><\/figure>\n\n\n\n<figure class=\"wp-block-embed is-type-video is-provider-youtube wp-block-embed-youtube wp-embed-aspect-16-9 wp-has-aspect-ratio\"><div class=\"wp-block-embed__wrapper\">\n<iframe loading=\"lazy\" title=\"Liquiphant FTL51B - legendarna trwa\u0142o\u015b\u0107 i bezobs\u0142ugowo\u015b\u0107 w nowej ods\u0142onie\" width=\"530\" height=\"298\" src=\"https:\/\/www.youtube.com\/embed\/hr_hyH0zBV0?feature=oembed\" frameborder=\"0\" allow=\"accelerometer; autoplay; clipboard-write; encrypted-media; gyroscope; picture-in-picture; web-share\" referrerpolicy=\"strict-origin-when-cross-origin\" allowfullscreen><\/iframe>\n<\/div><figcaption class=\"wp-element-caption\">Advertising for company &#8220;Endress &amp; Hauser&#8221;, 2019<\/figcaption><\/figure>\n\n\n\n<figure class=\"wp-block-embed is-type-video is-provider-youtube wp-block-embed-youtube wp-embed-aspect-16-9 wp-has-aspect-ratio\"><div class=\"wp-block-embed__wrapper\">\n<iframe loading=\"lazy\" title=\"KNORKATOR - Das Unheil (OFFICIAL VIDEO) \u202a\" width=\"530\" height=\"298\" src=\"https:\/\/www.youtube.com\/embed\/bvUWHkf_JLM?feature=oembed\" frameborder=\"0\" allow=\"accelerometer; autoplay; clipboard-write; encrypted-media; gyroscope; picture-in-picture; web-share\" referrerpolicy=\"strict-origin-when-cross-origin\" allowfullscreen><\/iframe>\n<\/div><figcaption class=\"wp-element-caption\">Knorkator &#8220;Das Unheil&#8221; with special guest Flake of Rammstein (2025)<\/figcaption><\/figure>\n\n\n\n<figure class=\"wp-block-embed is-type-video is-provider-youtube wp-block-embed-youtube wp-embed-aspect-16-9 wp-has-aspect-ratio\"><div class=\"wp-block-embed__wrapper\">\n<iframe loading=\"lazy\" title=\"XANDRIA - 200 Years (Official Video) | Napalm Records\" width=\"530\" height=\"298\" src=\"https:\/\/www.youtube.com\/embed\/coW6PbYYlk8?feature=oembed\" frameborder=\"0\" allow=\"accelerometer; autoplay; clipboard-write; encrypted-media; gyroscope; picture-in-picture; web-share\" referrerpolicy=\"strict-origin-when-cross-origin\" allowfullscreen><\/iframe>\n<\/div><figcaption class=\"wp-element-caption\">\u201e200 Years\u201c Xandria ft. Ally Storch (2024)<\/figcaption><\/figure>\n\n\n\n<figure class=\"wp-block-embed is-type-video is-provider-youtube wp-block-embed-youtube wp-embed-aspect-16-9 wp-has-aspect-ratio\"><div class=\"wp-block-embed__wrapper\">\n<iframe loading=\"lazy\" title=\"XANDRIA - Your Stories I&#039;ll Remember (Official Video) | Napalm Records\" width=\"530\" height=\"298\" src=\"https:\/\/www.youtube.com\/embed\/fk50GsTYzvc?feature=oembed\" frameborder=\"0\" allow=\"accelerometer; autoplay; clipboard-write; encrypted-media; gyroscope; picture-in-picture; web-share\" referrerpolicy=\"strict-origin-when-cross-origin\" allowfullscreen><\/iframe>\n<\/div><figcaption class=\"wp-element-caption\">\u201eYour Stories I\u2019ll remember\u201c Xandria ft. Ally Storch (2023)<\/figcaption><\/figure>\n\n\n\n<figure class=\"wp-block-embed is-type-video is-provider-youtube wp-block-embed-youtube wp-embed-aspect-16-9 wp-has-aspect-ratio\"><div class=\"wp-block-embed__wrapper\">\n<iframe loading=\"lazy\" title=\"Reinhard Mey &amp; Freunde - Nein, meine S\u00f6hne geb&#039; ich nicht [Offizielles Video]\" width=\"530\" height=\"298\" src=\"https:\/\/www.youtube.com\/embed\/1q-Ga3myTP4?feature=oembed\" frameborder=\"0\" allow=\"accelerometer; autoplay; clipboard-write; encrypted-media; gyroscope; picture-in-picture; web-share\" referrerpolicy=\"strict-origin-when-cross-origin\" allowfullscreen><\/iframe>\n<\/div><figcaption class=\"wp-element-caption\">With Reinhard Mey (2020)<\/figcaption><\/figure>\n\n\n\n<figure class=\"wp-block-embed is-type-video is-provider-youtube wp-block-embed-youtube wp-embed-aspect-16-9 wp-has-aspect-ratio\"><div class=\"wp-block-embed__wrapper\">\n<iframe loading=\"lazy\" title=\"Gavin Harrison &amp; Antoine Fafard - Perpetual Mutations - Documentary [2024]\" width=\"530\" height=\"298\" src=\"https:\/\/www.youtube.com\/embed\/HmgrJdb_T54?feature=oembed\" frameborder=\"0\" allow=\"accelerometer; autoplay; clipboard-write; encrypted-media; gyroscope; picture-in-picture; web-share\" referrerpolicy=\"strict-origin-when-cross-origin\" allowfullscreen><\/iframe>\n<\/div><figcaption class=\"wp-element-caption\">The Documentary to \u201ePerpetual Mutations\u201c by Antoine Fafard and Gavin Harrison (2024)<\/figcaption><\/figure>\n\n\n\n<figure class=\"wp-block-embed is-type-video is-provider-youtube wp-block-embed-youtube wp-embed-aspect-16-9 wp-has-aspect-ratio\"><div class=\"wp-block-embed__wrapper\">\n<iframe loading=\"lazy\" title=\"GAOM All Star Band: Solo by Ally Storch\" width=\"530\" height=\"298\" src=\"https:\/\/www.youtube.com\/embed\/LQKYnPx_WUY?feature=oembed\" frameborder=\"0\" allow=\"accelerometer; autoplay; clipboard-write; encrypted-media; gyroscope; picture-in-picture; web-share\" referrerpolicy=\"strict-origin-when-cross-origin\" allowfullscreen><\/iframe>\n<\/div><figcaption class=\"wp-element-caption\"><br>GAOM-Labelnight): King Crimsons &#8220;In the Hall of the Crimson King&#8221; solo (2016)<\/figcaption><\/figure>\n\n\n\n<p><strong>Watch more full lengths shows<\/strong>:<\/p>\n\n\n\n<figure class=\"wp-block-embed is-type-video is-provider-youtube wp-block-embed-youtube wp-embed-aspect-16-9 wp-has-aspect-ratio\"><div class=\"wp-block-embed__wrapper\">\n<iframe loading=\"lazy\" title=\"Sound of the Universe\" width=\"530\" height=\"298\" src=\"https:\/\/www.youtube.com\/embed\/cEswYc8aFcw?feature=oembed\" frameborder=\"0\" allow=\"accelerometer; autoplay; clipboard-write; encrypted-media; gyroscope; picture-in-picture; web-share\" referrerpolicy=\"strict-origin-when-cross-origin\" allowfullscreen><\/iframe>\n<\/div><figcaption class=\"wp-element-caption\">The complete concert: Musicians from India and Germany improvise simultaneously live via the continents and underline the lectures about the natural sounds the universe provides. A project of the Dresdner Sinfoniker. (2025)<\/figcaption><\/figure>\n\n\n\n<figure class=\"wp-block-gallery has-nested-images columns-default is-cropped wp-block-gallery-1 is-layout-flex wp-block-gallery-is-layout-flex\">\n<figure class=\"wp-block-image\"><img loading=\"lazy\" decoding=\"async\" width=\"655\" height=\"440\" data-id=\"2612\" src=\"https:\/\/ally-storch.com\/en\/wp-content\/uploads\/sites\/2\/2019\/11\/magenta-musik-360-655440.jpg\" alt=\"\" class=\"wp-image-2612\" srcset=\"https:\/\/ally-storch.com\/en\/wp-content\/uploads\/sites\/2\/2019\/11\/magenta-musik-360-655440.jpg 655w, https:\/\/ally-storch.com\/en\/wp-content\/uploads\/sites\/2\/2019\/11\/magenta-musik-360-655440-300x202.jpg 300w\" sizes=\"auto, (max-width: 655px) 100vw, 655px\" \/><figcaption class=\"wp-element-caption\"><a href=\"https:\/\/www.magenta-musik-360.de\/subway-to-sally-wacken-2019-9208205928595185940\"><strong>Wacken:Open:Air<\/strong><\/a><\/figcaption><\/figure>\n\n\n\n<figure class=\"wp-block-image\"><img loading=\"lazy\" decoding=\"async\" width=\"1024\" height=\"576\" data-id=\"2613\" src=\"https:\/\/ally-storch.com\/en\/wp-content\/uploads\/sites\/2\/2019\/11\/rockpalast-teaser-112__v-gseagaleriexl-1024x576.jpg\" alt=\"\" class=\"wp-image-2613\" srcset=\"https:\/\/ally-storch.com\/en\/wp-content\/uploads\/sites\/2\/2019\/11\/rockpalast-teaser-112__v-gseagaleriexl-1024x576.jpg 1024w, https:\/\/ally-storch.com\/en\/wp-content\/uploads\/sites\/2\/2019\/11\/rockpalast-teaser-112__v-gseagaleriexl-300x169.jpg 300w, https:\/\/ally-storch.com\/en\/wp-content\/uploads\/sites\/2\/2019\/11\/rockpalast-teaser-112__v-gseagaleriexl-768x432.jpg 768w, https:\/\/ally-storch.com\/en\/wp-content\/uploads\/sites\/2\/2019\/11\/rockpalast-teaser-112__v-gseagaleriexl.jpg 1600w\" sizes=\"auto, (max-width: 1024px) 100vw, 1024px\" \/><figcaption class=\"wp-element-caption\"><strong><a href=\"https:\/\/www1.wdr.de\/mediathek\/video\/sendungen\/rockpalast\/video-subway-to-sally---summer-breeze--100.html\">Summerbreeze Festival<\/a><\/strong><\/figcaption><\/figure>\n\n\n\n<figure class=\"wp-block-image\"><img loading=\"lazy\" decoding=\"async\" width=\"1024\" height=\"538\" data-id=\"2614\" src=\"https:\/\/ally-storch.com\/en\/wp-content\/uploads\/sites\/2\/2019\/11\/SHARE_FB_ARTE_CONCERT-1024x538.png\" alt=\"\" class=\"wp-image-2614\" srcset=\"https:\/\/ally-storch.com\/en\/wp-content\/uploads\/sites\/2\/2019\/11\/SHARE_FB_ARTE_CONCERT-1024x538.png 1024w, https:\/\/ally-storch.com\/en\/wp-content\/uploads\/sites\/2\/2019\/11\/SHARE_FB_ARTE_CONCERT-300x158.png 300w, https:\/\/ally-storch.com\/en\/wp-content\/uploads\/sites\/2\/2019\/11\/SHARE_FB_ARTE_CONCERT-768x403.png 768w, https:\/\/ally-storch.com\/en\/wp-content\/uploads\/sites\/2\/2019\/11\/SHARE_FB_ARTE_CONCERT.png 1200w\" sizes=\"auto, (max-width: 1024px) 100vw, 1024px\" \/><figcaption class=\"wp-element-caption\"><strong><a href=\"https:\/\/www.arte.tv\/de\/videos\/089778-013-A\/subway-to-sally-m-era-luna-2019\/\">M&#8217;era Luna Festival<\/a><\/strong><\/figcaption><\/figure>\n<\/figure>\n","protected":false},"excerpt":{"rendered":"<p>Watch more full lengths shows:<\/p>\n","protected":false},"author":3,"featured_media":0,"parent":1061,"menu_order":1,"comment_status":"closed","ping_status":"closed","template":"page-fullwidth.php","meta":{"footnotes":""},"class_list":["post-267","page","type-page","status-publish","hentry"],"_links":{"self":[{"href":"https:\/\/ally-storch.com\/en\/wp-json\/wp\/v2\/pages\/267","targetHints":{"allow":["GET"]}}],"collection":[{"href":"https:\/\/ally-storch.com\/en\/wp-json\/wp\/v2\/pages"}],"about":[{"href":"https:\/\/ally-storch.com\/en\/wp-json\/wp\/v2\/types\/page"}],"author":[{"embeddable":true,"href":"https:\/\/ally-storch.com\/en\/wp-json\/wp\/v2\/users\/3"}],"replies":[{"embeddable":true,"href":"https:\/\/ally-storch.com\/en\/wp-json\/wp\/v2\/comments?post=267"}],"version-history":[{"count":16,"href":"https:\/\/ally-storch.com\/en\/wp-json\/wp\/v2\/pages\/267\/revisions"}],"predecessor-version":[{"id":3054,"href":"https:\/\/ally-storch.com\/en\/wp-json\/wp\/v2\/pages\/267\/revisions\/3054"}],"up":[{"embeddable":true,"href":"https:\/\/ally-storch.com\/en\/wp-json\/wp\/v2\/pages\/1061"}],"wp:attachment":[{"href":"https:\/\/ally-storch.com\/en\/wp-json\/wp\/v2\/media?parent=267"}],"curies":[{"name":"wp","href":"https:\/\/api.w.org\/{rel}","templated":true}]}}